{"id":1104,"date":"2015-10-26T13:42:30","date_gmt":"2015-10-26T12:42:30","guid":{"rendered":"http:\/\/startit.select-themes.com\/?post_type=product&#038;p=1104"},"modified":"2023-05-20T09:15:41","modified_gmt":"2023-05-20T07:15:41","slug":"metalux-alliage","status":"publish","type":"product","link":"https:\/\/luxo-peinture.com\/new\/product\/metalux-alliage\/","title":{"rendered":"M\u00e9talux-Alliage"},"content":{"rendered":"<div class=\"row\">\n<div id=\"Primaires\" class=\"col-sm-12\">\n<div id=\"Definition\" class=\"col-sm-8\">\n<p>Enduit d\u00e9coratif acrylique en dispersion aqueuse, associ\u00e9 \u00e0 un alliage aux effets d\u00e9coratifs.<\/p>\n<\/div>\n<\/div>\n<\/div>\n","protected":false},"excerpt":{"rendered":"<div class=\"row\">\n<div id=\"Primaires\" class=\"col-sm-12\">\n<div id=\"Definition\" class=\"col-sm-8\">\n<p>Enduit d\u00e9coratif acrylique en dispersion aqueuse, associ\u00e9 \u00e0 un alliage aux effets d\u00e9coratifs.<\/p>\n<\/div>\n<\/div>\n<\/div>\n","protected":false},"featured_media":5760,"comment_status":"open","ping_status":"closed","template":"","meta":{"_bbp_topic_count":0,"_bbp_reply_count":0,"_bbp_total_topic_count":0,"_bbp_total_reply_count":0,"_bbp_voice_count":0,"_bbp_anonymous_reply_count":0,"_bbp_topic_count_hidden":0,"_bbp_reply_count_hidden":0,"_bbp_forum_subforum_count":0},"product_cat":[150],"product_tag":[],"_links":{"self":[{"href":"https:\/\/luxo-peinture.com\/new\/wp-json\/wp\/v2\/product\/1104"}],"collection":[{"href":"https:\/\/luxo-peinture.com\/new\/wp-json\/wp\/v2\/product"}],"about":[{"href":"https:\/\/luxo-peinture.com\/new\/wp-json\/wp\/v2\/types\/product"}],"replies":[{"embeddable":true,"href":"https:\/\/luxo-peinture.com\/new\/wp-json\/wp\/v2\/comments?post=1104"}],"wp:featuredmedia":[{"embeddable":true,"href":"https:\/\/luxo-peinture.com\/new\/wp-json\/wp\/v2\/media\/5760"}],"wp:attachment":[{"href":"https:\/\/luxo-peinture.com\/new\/wp-json\/wp\/v2\/media?parent=1104"}],"wp:term":[{"taxonomy":"product_cat","embeddable":true,"href":"https:\/\/luxo-peinture.com\/new\/wp-json\/wp\/v2\/product_cat?post=1104"},{"taxonomy":"product_tag","embeddable":true,"href":"https:\/\/luxo-peinture.com\/new\/wp-json\/wp\/v2\/product_tag?post=1104"}],"curies":[{"name":"wp","href":"https:\/\/api.w.org\/{rel}","templated":true}]}}