{"id":1083,"date":"2015-10-26T13:09:04","date_gmt":"2015-10-26T12:09:04","guid":{"rendered":"http:\/\/startit.select-themes.com\/?post_type=product&#038;p=1083"},"modified":"2025-05-03T16:19:43","modified_gmt":"2025-05-03T14:19:43","slug":"assif","status":"publish","type":"product","link":"https:\/\/luxo-peinture.com\/new\/product\/assif\/","title":{"rendered":"Assif"},"content":{"rendered":"<div class=\"row\">\n<div id=\"Primaires\" class=\"col-sm-12\">\n<div id=\"Definition\" class=\"col-sm-8\">\n<p>Peinture de d\u00e9coration \u00e0 base de copolym\u00e8re acrylique en dispersion aqueuse.<\/p>\n<\/div>\n<\/div>\n<\/div>\n","protected":false},"excerpt":{"rendered":"<div class=\"row\">\n<div id=\"Primaires\" class=\"col-sm-12\">\n<div id=\"Definition\" class=\"col-sm-8\">\n<p>Peinture de d\u00e9coration \u00e0 base de copolym\u00e8re acrylique en dispersion aqueuse.<\/p>\n<\/div>\n<\/div>\n<\/div>\n","protected":false},"featured_media":5741,"comment_status":"open","ping_status":"closed","template":"","meta":{"_bbp_topic_count":0,"_bbp_reply_count":0,"_bbp_total_topic_count":0,"_bbp_total_reply_count":0,"_bbp_voice_count":0,"_bbp_anonymous_reply_count":0,"_bbp_topic_count_hidden":0,"_bbp_reply_count_hidden":0,"_bbp_forum_subforum_count":0},"product_cat":[196],"product_tag":[],"_links":{"self":[{"href":"https:\/\/luxo-peinture.com\/new\/wp-json\/wp\/v2\/product\/1083"}],"collection":[{"href":"https:\/\/luxo-peinture.com\/new\/wp-json\/wp\/v2\/product"}],"about":[{"href":"https:\/\/luxo-peinture.com\/new\/wp-json\/wp\/v2\/types\/product"}],"replies":[{"embeddable":true,"href":"https:\/\/luxo-peinture.com\/new\/wp-json\/wp\/v2\/comments?post=1083"}],"wp:featuredmedia":[{"embeddable":true,"href":"https:\/\/luxo-peinture.com\/new\/wp-json\/wp\/v2\/media\/5741"}],"wp:attachment":[{"href":"https:\/\/luxo-peinture.com\/new\/wp-json\/wp\/v2\/media?parent=1083"}],"wp:term":[{"taxonomy":"product_cat","embeddable":true,"href":"https:\/\/luxo-peinture.com\/new\/wp-json\/wp\/v2\/product_cat?post=1083"},{"taxonomy":"product_tag","embeddable":true,"href":"https:\/\/luxo-peinture.com\/new\/wp-json\/wp\/v2\/product_tag?post=1083"}],"curies":[{"name":"wp","href":"https:\/\/api.w.org\/{rel}","templated":true}]}}