{"id":1077,"date":"2015-10-26T13:00:35","date_gmt":"2015-10-26T12:00:35","guid":{"rendered":"http:\/\/startit.select-themes.com\/?post_type=product&#038;p=1077"},"modified":"2024-07-22T18:31:46","modified_gmt":"2024-07-22T16:31:46","slug":"cristal","status":"publish","type":"product","link":"https:\/\/luxo-peinture.com\/new\/product\/cristal\/","title":{"rendered":"CRISTAL"},"content":{"rendered":"<div class=\"row\">\n<div id=\"Primaires\" class=\"col-sm-12\">\n<div id=\"Definition\" class=\"col-sm-8\">\n<p>Peinture de d\u00e9coration \u00e0 base de copolym\u00e8re acrylique en dispersion aqueuse.<\/p>\n<\/div>\n<\/div>\n<\/div>\n","protected":false},"excerpt":{"rendered":"<div class=\"row\">\n<div id=\"Primaires\" class=\"col-sm-12\">\n<div id=\"Definition\" class=\"col-sm-8\">\n<p>Peinture de d\u00e9coration \u00e0 base de copolym\u00e8re acrylique en dispersion aqueuse.<\/p>\n<\/div>\n<\/div>\n<\/div>\n","protected":false},"featured_media":5736,"comment_status":"open","ping_status":"closed","template":"","meta":{"_bbp_topic_count":0,"_bbp_reply_count":0,"_bbp_total_topic_count":0,"_bbp_total_reply_count":0,"_bbp_voice_count":0,"_bbp_anonymous_reply_count":0,"_bbp_topic_count_hidden":0,"_bbp_reply_count_hidden":0,"_bbp_forum_subforum_count":0},"product_cat":[196],"product_tag":[],"_links":{"self":[{"href":"https:\/\/luxo-peinture.com\/new\/wp-json\/wp\/v2\/product\/1077"}],"collection":[{"href":"https:\/\/luxo-peinture.com\/new\/wp-json\/wp\/v2\/product"}],"about":[{"href":"https:\/\/luxo-peinture.com\/new\/wp-json\/wp\/v2\/types\/product"}],"replies":[{"embeddable":true,"href":"https:\/\/luxo-peinture.com\/new\/wp-json\/wp\/v2\/comments?post=1077"}],"wp:featuredmedia":[{"embeddable":true,"href":"https:\/\/luxo-peinture.com\/new\/wp-json\/wp\/v2\/media\/5736"}],"wp:attachment":[{"href":"https:\/\/luxo-peinture.com\/new\/wp-json\/wp\/v2\/media?parent=1077"}],"wp:term":[{"taxonomy":"product_cat","embeddable":true,"href":"https:\/\/luxo-peinture.com\/new\/wp-json\/wp\/v2\/product_cat?post=1077"},{"taxonomy":"product_tag","embeddable":true,"href":"https:\/\/luxo-peinture.com\/new\/wp-json\/wp\/v2\/product_tag?post=1077"}],"curies":[{"name":"wp","href":"https:\/\/api.w.org\/{rel}","templated":true}]}}