{"id":1028,"date":"2015-10-26T10:57:26","date_gmt":"2015-10-26T09:57:26","guid":{"rendered":"http:\/\/startit.select-themes.com\/?post_type=product&#038;p=1028"},"modified":"2025-06-01T23:54:42","modified_gmt":"2025-06-01T21:54:42","slug":"velvet","status":"publish","type":"product","link":"https:\/\/luxo-peinture.com\/new\/product\/velvet\/","title":{"rendered":"Velvet"},"content":{"rendered":"<div class=\"row\">\n<div id=\"Primaires\" class=\"col-sm-12\">\n<div id=\"Definition\" class=\"col-sm-8\">\n<p>Peinture de d\u00e9coration \u00e0 base de copolym\u00e9re acrylique en dispersion aqueuse.<\/p>\n<\/div>\n<p>&nbsp;<\/p>\n<\/div>\n<p>&nbsp;<\/p>\n<\/div>\n<p>&nbsp;<\/p>\n","protected":false},"excerpt":{"rendered":"<div class=\"row\">\n<div id=\"Primaires\" class=\"col-sm-12\">\n<div id=\"Definition\" class=\"col-sm-8\">\n<p>Peinture de d\u00e9coration \u00e0 base de copolym\u00e9re acrylique en dispersion aqueuse.<\/p>\n<\/div>\n<div id=\"detail\" class=\"col-sm-8\"><\/div>\n<p><b><\/b><\/div>\n<p><b><\/b><\/div>\n<p>&nbsp;<\/p>\n","protected":false},"featured_media":5689,"comment_status":"open","ping_status":"closed","template":"","meta":{"_bbp_topic_count":0,"_bbp_reply_count":0,"_bbp_total_topic_count":0,"_bbp_total_reply_count":0,"_bbp_voice_count":0,"_bbp_anonymous_reply_count":0,"_bbp_topic_count_hidden":0,"_bbp_reply_count_hidden":0,"_bbp_forum_subforum_count":0},"product_cat":[196],"product_tag":[],"_links":{"self":[{"href":"https:\/\/luxo-peinture.com\/new\/wp-json\/wp\/v2\/product\/1028"}],"collection":[{"href":"https:\/\/luxo-peinture.com\/new\/wp-json\/wp\/v2\/product"}],"about":[{"href":"https:\/\/luxo-peinture.com\/new\/wp-json\/wp\/v2\/types\/product"}],"replies":[{"embeddable":true,"href":"https:\/\/luxo-peinture.com\/new\/wp-json\/wp\/v2\/comments?post=1028"}],"wp:featuredmedia":[{"embeddable":true,"href":"https:\/\/luxo-peinture.com\/new\/wp-json\/wp\/v2\/media\/5689"}],"wp:attachment":[{"href":"https:\/\/luxo-peinture.com\/new\/wp-json\/wp\/v2\/media?parent=1028"}],"wp:term":[{"taxonomy":"product_cat","embeddable":true,"href":"https:\/\/luxo-peinture.com\/new\/wp-json\/wp\/v2\/product_cat?post=1028"},{"taxonomy":"product_tag","embeddable":true,"href":"https:\/\/luxo-peinture.com\/new\/wp-json\/wp\/v2\/product_tag?post=1028"}],"curies":[{"name":"wp","href":"https:\/\/api.w.org\/{rel}","templated":true}]}}