{"id":1006,"date":"2015-10-26T10:52:08","date_gmt":"2015-10-26T09:52:08","guid":{"rendered":"http:\/\/startit.select-themes.com\/?post_type=product&#038;p=1006"},"modified":"2022-02-28T16:11:51","modified_gmt":"2022-02-28T15:11:51","slug":"ahaggar","status":"publish","type":"product","link":"https:\/\/luxo-peinture.com\/new\/product\/ahaggar\/","title":{"rendered":"Ahaggar"},"content":{"rendered":"<div class=\"row\">\n<div id=\"Primaires\" class=\"col-sm-12\">\n<div id=\"Definition\" class=\"col-sm-8\">\n<p>Peinture de d\u00e9coration \u00e0 base de copolym\u00e9re acrylique en dispersion aqueuse.<\/p>\n<\/div>\n<\/div>\n<\/div>\n","protected":false},"excerpt":{"rendered":"<p>Duis autem vel eum iriure dolor in hendrerit in vulputate velit esse molestie consequat, vel illum dolore eu feugiat nulla facilisis at vero eros et accumsan et iusto odio dignissim qui blandit praesent luptatum.<\/p>\n","protected":false},"featured_media":5688,"comment_status":"open","ping_status":"closed","template":"","meta":{"_bbp_topic_count":0,"_bbp_reply_count":0,"_bbp_total_topic_count":0,"_bbp_total_reply_count":0,"_bbp_voice_count":0,"_bbp_anonymous_reply_count":0,"_bbp_topic_count_hidden":0,"_bbp_reply_count_hidden":0,"_bbp_forum_subforum_count":0},"product_cat":[196],"product_tag":[],"_links":{"self":[{"href":"https:\/\/luxo-peinture.com\/new\/wp-json\/wp\/v2\/product\/1006"}],"collection":[{"href":"https:\/\/luxo-peinture.com\/new\/wp-json\/wp\/v2\/product"}],"about":[{"href":"https:\/\/luxo-peinture.com\/new\/wp-json\/wp\/v2\/types\/product"}],"replies":[{"embeddable":true,"href":"https:\/\/luxo-peinture.com\/new\/wp-json\/wp\/v2\/comments?post=1006"}],"wp:featuredmedia":[{"embeddable":true,"href":"https:\/\/luxo-peinture.com\/new\/wp-json\/wp\/v2\/media\/5688"}],"wp:attachment":[{"href":"https:\/\/luxo-peinture.com\/new\/wp-json\/wp\/v2\/media?parent=1006"}],"wp:term":[{"taxonomy":"product_cat","embeddable":true,"href":"https:\/\/luxo-peinture.com\/new\/wp-json\/wp\/v2\/product_cat?post=1006"},{"taxonomy":"product_tag","embeddable":true,"href":"https:\/\/luxo-peinture.com\/new\/wp-json\/wp\/v2\/product_tag?post=1006"}],"curies":[{"name":"wp","href":"https:\/\/api.w.org\/{rel}","templated":true}]}}