{"id":5680,"date":"2020-02-19T18:28:31","date_gmt":"2020-02-19T17:28:31","guid":{"rendered":"http:\/\/luxo-peinture.com\/new\/?page_id=5680"},"modified":"2022-03-14T16:39:15","modified_gmt":"2022-03-14T15:39:15","slug":"qui-sommes-nous","status":"publish","type":"page","link":"https:\/\/luxo-peinture.com\/new\/qui-sommes-nous\/","title":{"rendered":"QUI SOMMES-NOUS"},"content":{"rendered":"<p>[vc_row content_width=\u00a0\u00bbgrid\u00a0\u00bb css=\u00a0\u00bb.vc_custom_1445526449001{padding-top: 40px !important;padding-bottom: 5px !important;}\u00a0\u00bb][vc_column offset=\u00a0\u00bbvc_col-lg-5 vc_col-md-12&Prime;][vc_empty_space height=\u00a0\u00bb4px\u00a0\u00bb][vc_single_image image=\u00a0\u00bb5684&Prime; img_size=\u00a0\u00bbfull\u00a0\u00bb][vc_empty_space height=\u00a0\u00bb40px\u00a0\u00bb][\/vc_column][vc_column offset=\u00a0\u00bbvc_col-lg-7 vc_col-md-12&Prime;][vc_column_text]<\/p>\n<h2>QUI SOMMES-NOUS<\/h2>\n<p>[\/vc_column_text][vc_empty_space height=\u00a0\u00bb25px\u00a0\u00bb][vc_column_text]<\/p>\n<h4>LUXO Peinture, d\u00e9tentrice d\u2019un savoir-faire (Know-How) suisse, est une soci\u00e9t\u00e9 sp\u00e9cialis\u00e9e dans la fabrication et distribution des peintures et autres produits relevant de l\u2019importation tels que les vernis polyur\u00e9thanne, cellulosique, certains produits utilis\u00e9s dans les travaux de finition du b\u00e2timent et l\u2019outillage d\u2019application des rev\u00eatements.<\/h4>\n<p>Elle est compos\u00e9e de ses propres comptoirs professionnels et de plus d\u2019une centaines de repr\u00e9sentants distributeurs assurant ainsi une couverture totale du march\u00e9 national. La capacit\u00e9 de production de l\u2019usine est de 45.000 tonnes par an. L\u2019usine emploie des ing\u00e9nieurs chimistes encadrant une centaine de personnes qualifi\u00e9es en plus du personnel administratif.<\/p>\n<p>[\/vc_column_text][vc_empty_space height=\u00a0\u00bb25px\u00a0\u00bb][\/vc_column][\/vc_row][vc_row content_width=\u00a0\u00bbgrid\u00a0\u00bb content_aligment=\u00a0\u00bbcenter\u00a0\u00bb css=\u00a0\u00bb.vc_custom_1446112369967{padding-top: 62px !important;padding-bottom: 46px !important;background-image: url(http:\/\/startit.select-themes.com\/wp-content\/uploads\/2015\/10\/About-me-Background-1.jpg?id=305) !important;background-position: center !important;background-repeat: no-repeat !important;background-size: cover !important;}\u00a0\u00bb][vc_column][vc_column_text]<\/p>\n<h2>LUXO PEINTURE dispose de plusieurs syst\u00e8mes de hautes qualit\u00e9s, de produits totalement compatibles, qui s&rsquo;adaptent parfaitement \u00e0 toutes techniques et domaine d&rsquo;application.<\/h2>\n<p>[\/vc_column_text][vc_empty_space height=\u00a0\u00bb15px\u00a0\u00bb][vc_column_text]<\/p>\n<h4>LUXO PEINTURE offre ainsi une gamme compl\u00e8te de produits pour b\u00e2timent et la d\u00e9coration et des syst\u00e8mes \u00e9poxy et polyur\u00e9thanne pour sols industriels ainsi que des membranes d&rsquo;\u00e9tanch\u00e9it\u00e9s.<\/h4>\n<p>[\/vc_column_text][vc_empty_space height=\u00a0\u00bb55px\u00a0\u00bb][\/vc_column][\/vc_row][vc_row content_width=\u00a0\u00bbgrid\u00a0\u00bb content_aligment=\u00a0\u00bbcenter\u00a0\u00bb css=\u00a0\u00bb.vc_custom_1445870492677{padding-top: 71px !important;padding-bottom: 16px !important;}\u00a0\u00bb][vc_column][vc_column_text]<\/p>\n<div class=\"col-sm-12\">\n<p style=\"text-align: left;\"><span style=\"color: #000000;\">Depuis plus de dix(10) ann\u00e9es, Luxo Peinture investie dans la recherche. Elle va r\u00e9ellement aux devants de toutes les exigences et les besoins des entreprises, des bureaux d&rsquo;\u00e9tudes et de ses clients avec des produits faciles \u00e0 utiliser et sur lesquels on peut vraiment compter, ce qui fait de LUXO le leader des peintures de b\u00e2timent et de la d\u00e9coration.<\/span><\/p>\n<\/div>\n<div class=\"col-sm-12\">\n<p style=\"text-align: left;\"><span style=\"color: #000000;\">Notre philosophie est simple et efficace : offrir des produits de qualit\u00e9 avec une grande facilit\u00e9 d\u2019application pour r\u00e9duire le temps d\u2019application, les co\u00fbts et \u00e9liminer tout risque \u00e9ventuel d\u2019\u00e9chec.<\/span><\/p>\n<p style=\"text-align: left;\"><span style=\"color: #000000;\">L\u2019\u00e9quipe technique et commerciale de LUXO met en \u0153uvre toute son exp\u00e9rience et ses connaissances directement sur le terrain pour garantir le meilleur conseil et formation en apportant la solution appropri\u00e9e aux architectes, ing\u00e9nieurs, chefs de projets, entrepreneurs et peintres professionnels.<\/span><\/p>\n<p style=\"text-align: left;\"><span style=\"color: #000000;\">Avec LUXO, le travail est toujours parfait du premier coup. C\u2019est pourquoi nous avons rassembl\u00e9 les diff\u00e9rents syst\u00e8mes compos\u00e9s d\u2019un vaste \u00e9ventail de produits destin\u00e9s aux travaux du b\u00e2timent de fa\u00e7on rapide, efficace et fiable.<\/span><\/p>\n<\/div>\n<p>[\/vc_column_text][vc_empty_space height=\u00a0\u00bb63px\u00a0\u00bb][\/vc_column][\/vc_row]<\/p>\n","protected":false},"excerpt":{"rendered":"<p>[vc_row content_width=\u00a0\u00bbgrid\u00a0\u00bb css=\u00a0\u00bb.vc_custom_1445526449001{padding-top: 40px !important;padding-bottom: 5px !important;}\u00a0\u00bb][vc_column offset=\u00a0\u00bbvc_col-lg-5 vc_col-md-12&Prime;][vc_empty_space height=\u00a0\u00bb4px\u00a0\u00bb][vc_single_image image=\u00a0\u00bb5684&Prime; img_size=\u00a0\u00bbfull\u00a0\u00bb][vc_empty_space height=\u00a0\u00bb40px\u00a0\u00bb][\/vc_column][vc_column offset=\u00a0\u00bbvc_col-lg-7 vc_col-md-12&Prime;][vc_column_text] QUI SOMMES-NOUS [\/vc_column_text][vc_empty_space height=\u00a0\u00bb25px\u00a0\u00bb][vc_column_text] LUXO Peinture,&#8230;<\/p>\n","protected":false},"author":1,"featured_media":0,"parent":0,"menu_order":0,"comment_status":"closed","ping_status":"closed","template":"full-width.php","meta":{"_bbp_topic_count":0,"_bbp_reply_count":0,"_bbp_total_topic_count":0,"_bbp_total_reply_count":0,"_bbp_voice_count":0,"_bbp_anonymous_reply_count":0,"_bbp_topic_count_hidden":0,"_bbp_reply_count_hidden":0,"_bbp_forum_subforum_count":0},"_links":{"self":[{"href":"https:\/\/luxo-peinture.com\/new\/wp-json\/wp\/v2\/pages\/5680"}],"collection":[{"href":"https:\/\/luxo-peinture.com\/new\/wp-json\/wp\/v2\/pages"}],"about":[{"href":"https:\/\/luxo-peinture.com\/new\/wp-json\/wp\/v2\/types\/page"}],"author":[{"embeddable":true,"href":"https:\/\/luxo-peinture.com\/new\/wp-json\/wp\/v2\/users\/1"}],"replies":[{"embeddable":true,"href":"https:\/\/luxo-peinture.com\/new\/wp-json\/wp\/v2\/comments?post=5680"}],"version-history":[{"count":8,"href":"https:\/\/luxo-peinture.com\/new\/wp-json\/wp\/v2\/pages\/5680\/revisions"}],"predecessor-version":[{"id":5896,"href":"https:\/\/luxo-peinture.com\/new\/wp-json\/wp\/v2\/pages\/5680\/revisions\/5896"}],"wp:attachment":[{"href":"https:\/\/luxo-peinture.com\/new\/wp-json\/wp\/v2\/media?parent=5680"}],"curies":[{"name":"wp","href":"https:\/\/api.w.org\/{rel}","templated":true}]}}